{"id":983,"date":"2025-02-25T19:46:43","date_gmt":"2025-02-25T19:46:43","guid":{"rendered":"http:\/\/bcra.com.br\/?page_id=983"},"modified":"2025-02-25T20:07:44","modified_gmt":"2025-02-25T20:07:44","slug":"termos-de-uso","status":"publish","type":"page","link":"http:\/\/bcra.com.br\/en\/termos-de-uso\/","title":{"rendered":"Terms of use"},"content":{"rendered":"<div data-elementor-type=\"wp-page\" data-elementor-id=\"983\" class=\"elementor elementor-983\" data-elementor-post-type=\"page\">\n\t\t\t\t\t\t<section class=\"elementor-section elementor-top-section elementor-element elementor-element-49c77e6a elementor-section-height-min-height elementor-section-boxed elementor-section-height-default elementor-section-items-middle\" data-id=\"49c77e6a\" data-element_type=\"section\" data-e-type=\"section\" data-settings=\"{&quot;background_background&quot;:&quot;classic&quot;,&quot;_ha_eqh_enable&quot;:false}\">\n\t\t\t\t\t\t\t<div class=\"elementor-background-overlay\"><\/div>\n\t\t\t\t\t\t\t<div class=\"elementor-container elementor-column-gap-wide\">\n\t\t\t\t\t<div class=\"elementor-column elementor-col-100 elementor-top-column elementor-element elementor-element-7309c7ad\" data-id=\"7309c7ad\" data-element_type=\"column\" data-e-type=\"column\">\n\t\t\t<div class=\"elementor-widget-wrap elementor-element-populated\">\n\t\t\t\t\t\t<div class=\"elementor-element elementor-element-1b2da4b9 elementor-widget elementor-widget-heading\" data-id=\"1b2da4b9\" data-element_type=\"widget\" data-e-type=\"widget\" data-widget_type=\"heading.default\">\n\t\t\t\t<div class=\"elementor-widget-container\">\n\t\t\t\t\t<h1 class=\"elementor-heading-title elementor-size-default\">Termos de uso<\/h1>\t\t\t\t<\/div>\n\t\t\t\t<\/div>\n\t\t\t\t\t<\/div>\n\t\t<\/div>\n\t\t\t\t\t<\/div>\n\t\t<\/section>\n\t\t<div class=\"elementor-element elementor-element-38feb23 e-flex e-con-boxed e-con e-parent\" data-id=\"38feb23\" data-element_type=\"container\" data-e-type=\"container\" data-settings=\"{&quot;_ha_eqh_enable&quot;:false}\">\n\t\t\t\t\t<div class=\"e-con-inner\">\n\t\t\t\t<div class=\"elementor-element elementor-element-c370950 elementor-align-center elementor-widget elementor-widget-button\" data-id=\"c370950\" data-element_type=\"widget\" data-e-type=\"widget\" data-widget_type=\"button.default\">\n\t\t\t\t<div class=\"elementor-widget-container\">\n\t\t\t\t\t\t\t\t\t<div class=\"elementor-button-wrapper\">\n\t\t\t\t\t<a class=\"elementor-button elementor-button-link elementor-size-sm\" href=\"http:\/\/bcra.com.br\/en\/politica-de-privacidade\/\">\n\t\t\t\t\t\t<span class=\"elementor-button-content-wrapper\">\n\t\t\t\t\t\t\t\t\t<span class=\"elementor-button-text\">veja nossa pol\u00edtica de privacidade<\/span>\n\t\t\t\t\t<\/span>\n\t\t\t\t\t<\/a>\n\t\t\t\t<\/div>\n\t\t\t\t\t\t\t\t<\/div>\n\t\t\t\t<\/div>\n\t\t\t\t\t<\/div>\n\t\t\t\t<\/div>\n\t\t<div class=\"elementor-element elementor-element-cd1241e e-flex e-con-boxed e-con e-parent\" data-id=\"cd1241e\" data-element_type=\"container\" data-e-type=\"container\" data-settings=\"{&quot;background_background&quot;:&quot;classic&quot;,&quot;_ha_eqh_enable&quot;:false}\">\n\t\t\t\t\t<div class=\"e-con-inner\">\n\t\t<div class=\"elementor-element elementor-element-14f5910 e-con-full e-flex elementor-invisible e-con e-child\" data-id=\"14f5910\" data-element_type=\"container\" data-e-type=\"container\" data-settings=\"{&quot;animation&quot;:&quot;fadeIn&quot;,&quot;animation_delay&quot;:200,&quot;_ha_eqh_enable&quot;:false}\">\n\t\t\t\t<div class=\"elementor-element elementor-element-7b10749 elementor-widget elementor-widget-heading\" data-id=\"7b10749\" data-element_type=\"widget\" data-e-type=\"widget\" data-widget_type=\"heading.default\">\n\t\t\t\t<div class=\"elementor-widget-container\">\n\t\t\t\t\t<h2 class=\"elementor-heading-title elementor-size-default\">termos de uso<\/h2>\t\t\t\t<\/div>\n\t\t\t\t<\/div>\n\t\t\t\t<div class=\"elementor-element elementor-element-8bef42a elementor-widget elementor-widget-text-editor\" data-id=\"8bef42a\" data-element_type=\"widget\" data-e-type=\"widget\" data-widget_type=\"text-editor.default\">\n\t\t\t\t<div class=\"elementor-widget-container\">\n\t\t\t\t\t\t\t\t\t<section class=\"inst\"><div class=\"container inst-border\"><section class=\"abas mobileAjs\"><div id=\"myTabContent\" class=\"tab-content\"><div id=\"projetos\" class=\"tab-pane fade active show\" role=\"tabpanel\" aria-labelledby=\"projetos-tab\"><section class=\"inst\"><div class=\"container\"><p><b>Ol\u00e1, seja bem-vindo(a)<\/b><\/p><p>Este site e todo o seu conte\u00fado \u00e9 de responsabilidade e operado pela <strong>LRL Brokers Neg\u00f3cios Imobili\u00e1rios LTDA (BCRA)<\/strong>, inscrita no CNPJ 50.348.011\/0001-35, com sede na Alameda Rio Negro, 503, conjunto 2020, Alphaville, CEP 06454-000, Barueri \u2013 SP, com e-mail para contato <a href=\"mailto:bcra@bcra.com.br\">bcra@bcra.com.br<\/a>.<\/p><p>O objetivo destes Termos \u00e9 informar as condi\u00e7\u00f5es gerais de utiliza\u00e7\u00e3o que devem ser observadas por\u00a0<b>voc\u00ea<\/b>\u00a0ao acessar e utilizar as funcionalidades do site da\u00a0<b>BCRA,<\/b>\u00a0dispon\u00edvel eletronicamente no endere\u00e7o eletr\u00f4nico\u00a0<a href=\"http:\/\/bcra.com.br\/en\/\">https:\/\/www.bcra.com.br\/<\/a>, sendo proibido o acesso por qualquer outro meio n\u00e3o autorizado.<\/p><p>Recomendamos que\u00a0<b>voc\u00ea<\/b>\u00a0leia atentamente\u00a0<b>esse documento<\/b>\u00a0juntamente com a nossa de\u00a0<b>Privacy police<\/b>\u00a0e conhe\u00e7a as diretrizes, condi\u00e7\u00f5es e obriga\u00e7\u00f5es, bem como, a forma como os seus dados podem ser coletados, armazenados, tratados e protegidos.<\/p><p><b>1. ACEITE DOS TERMOS E CONDI\u00c7\u00d5ES DE USO.<\/b><\/p><p>Enquanto usu\u00e1rio do site da\u00a0<b>BCRA<\/b>,\u00a0<b>voc\u00ea<\/b>\u00a0dever\u00e1 ler e compreender as regras destes Termos, estando plenamente ciente e de acordo com elas, pois ao navegar e utilizar as funcionalidades do site,\u00a0<b>voc\u00ea<\/b>\u00a0estar\u00e1 automaticamente aceitando e concordando com estes Termos e Condi\u00e7\u00f5es de Uso, que ser\u00e1 sempre de forma integral e n\u00e3o divis\u00edvel, n\u00e3o podendo optar por aplicar apenas alguma(s) ou parte(s) das condi\u00e7\u00f5es.<\/p><p><b>2. FUNCIONALIDADES DO SITE<\/b><\/p><p>Atrav\u00e9s da utiliza\u00e7\u00e3o do site,\u00a0<b>voc\u00ea<\/b>\u00a0ter\u00e1 acesso as informa\u00e7\u00f5es sobre a empresa, os servi\u00e7os que prestamos, o acesso aos nossos canais de atendimento, a possibilidade de redirecionamento \u00e0 aplica\u00e7\u00e3o de\u00a0<b>Pesquisas de Im\u00f3veis<\/b>\u00a0e \u00e0\u00a0<b>\u00c1rea Restrita<\/b>\u00a0(este \u00faltimo, somente para Colaboradores da\u00a0<b>BCRA<\/b>).<\/p><p>Al\u00e9m de conhecer todos os servi\u00e7os ofertados pela\u00a0<b>BCRA<\/b>,\u00a0<b>voc\u00ea<\/b>\u00a0tamb\u00e9m poder\u00e1 entrar em contato por meio da se\u00e7\u00e3o\u00a0<b>Contact Us<\/b>\u00a0dispon\u00edvel no site atrav\u00e9s do canal\u00a0<b>Contact Us<\/b>, onde\u00a0<b>voc\u00ea<\/b>\u00a0poder\u00e1 solicitar mais informa\u00e7\u00f5es sobre nossos servi\u00e7os, sobre o nosso atendimento e sobre as nossas parcerias.<\/p><p>Ao preencher o formul\u00e1rio dispon\u00edvel na se\u00e7\u00e3o\u00a0<b>Fale Conosco, voc\u00ea<\/b>\u00a0poder\u00e1 receber nosso contato atrav\u00e9s do e-mail, WhatsApp ou por liga\u00e7\u00e3o telef\u00f4nica, que ser\u00e1 sempre enviado pela\u00a0<b>BCRA<\/b>. Lembramos ainda que\u00a0<b>voc\u00ea<\/b>\u00a0pode, a qualquer tempo, solicitar a suspens\u00e3o do recebimento dessas comunica\u00e7\u00f5es pelos mesmos canais em que elas foram apresentadas, desde que est\u00e1 suspen\u00e7\u00e3o n\u00e3o afete o atendimento das solicita\u00e7\u00f5es por\u00a0<b>voc\u00ea<\/b>\u00a0realizadas.<\/p><p><b>Voc\u00ea<\/b>\u00a0tamb\u00e9m pode tratar de assuntos ligados a(s) oportunidade(s) de fazer parte do nosso time, atrav\u00e9s da se\u00e7\u00e3o\u00a0<b>Work with us<\/b>. Ao preencher o formul\u00e1rio dispon\u00edvel na se\u00e7\u00e3o\u00a0<b>Trabalhe Conosco, voc\u00ea\u00a0<\/b>tamb\u00e9m ter\u00e1 a op\u00e7\u00e3o de enviar o seu Curriculum atrav\u00e9s da op\u00e7\u00e3o\u00a0<b>Escolher Arquivo<\/b>. Ao enviar suas informa\u00e7\u00f5es e a sua pretens\u00e3o em fazer parte do nosso time,\u00a0<b>voc\u00ea<\/b>\u00a0poder\u00e1 receber nosso contato atrav\u00e9s do e-mail, WhatsApp ou por liga\u00e7\u00e3o telef\u00f4nica, que ser\u00e1 sempre efetuado pela\u00a0<b>BCRA<\/b>.<\/p><p>Tamb\u00e9m disponibilizamos a se\u00e7\u00e3o de\u00a0<b>Ouvidoria\/Den\u00fancia<\/b>, onde\u00a0<b>voc\u00ea<\/b>\u00a0pode registrar a sua opini\u00e3o, fazer uma reclama\u00e7\u00e3o ou den\u00fancia. Prezamos pela qualidade dos nossos servi\u00e7os e neste sentido, no melhor prazo, entraremos em contato atrav\u00e9s do e-mail, WhatsApp ou por liga\u00e7\u00e3o telef\u00f4nica, visando atend\u00ea-lo da melhor forma poss\u00edvel.<\/p><p>Importante ressaltar que\u00a0<b>voc\u00ea<\/b>\u00a0pode, a qualquer tempo, solicitar a suspens\u00e3o do recebimento dessas comunica\u00e7\u00f5es pelos mesmos canais em que elas foram apresentadas, desde que est\u00e1 suspen\u00e7\u00e3o n\u00e3o afete o atendimento das solicita\u00e7\u00f5es por\u00a0<b>voc\u00ea<\/b>\u00a0realizadas.<\/p><p>Vale lembrar que\u00a0<b>voc\u00ea<\/b>\u00a0\u00e9 o(a) \u00fanico(a) respons\u00e1vel pela veracidade e integridade das informa\u00e7\u00f5es inseridas em nosso site, podendo responder civil e criminalmente pelos efeitos caudados pelas informa\u00e7\u00f5es falsas, irregulares ou de terceiros.<\/p><p>Nos respaldamos do direito de n\u00e3o efetuar nenhum tipo de tratamento, de qualquer tipo de dado, que entendemos ou suspeitamos que possam causar qualquer infra\u00e7\u00e3o a qualquer lei aplic\u00e1vel, bem como, que n\u00e3o estejam em conformidade com os fins l\u00edcitos e \u00e0 moralidade.<\/p><p>Caso\u00a0<b>voc\u00ea<\/b>\u00a0tenha alguma d\u00favida ou queira obter maiores informa\u00e7\u00f5es de como tratamos seus dados pessoais em cumprimento \u00e0 legisla\u00e7\u00e3o aplic\u00e1vel, em especial a Lei Geral de Prote\u00e7\u00e3o de Dados Pessoais &#8211; LGPD (Lei 13.709\/2018), pedimos que leia a nossa\u00a0<b>Privacy police<\/b>\u00a0ou se preferir, entre em contato atrav\u00e9s do nosso e-mail:\u00a0<a href=\"http:\/\/bcra.com.br\/en\/\">bcra@bcra.com.br<\/a>.<\/p><p><b>3. \u00c1REA RESTRITA<\/b><\/p><p>Al\u00e9m das se\u00e7\u00f5es de acesso p\u00fablico, o site tamb\u00e9m disponibiliza a\u00a0<b>\u00c1rea Restrita,<\/b>\u00a0de\u00a0<b>acesso restrito e exclusivo<\/b>\u00a0aos\u00a0<b>colaboradores<\/b>\u00a0pr\u00e9-cadastrados e autorizados pela\u00a0<b>BCRA<\/b>.\u00a0<b>Nesta se\u00e7\u00e3o, o visitante comum n\u00e3o ter\u00e1 acesso.<\/b><\/p><p><b>Voc\u00ea, colaborador da BCRA<\/b>, deve efetuar o cadastro de forma antecipada, diretamente com a\u00a0<b>BCRA<\/b>, para acesso \u00e0\u00a0<b>\u00c1rea Restrita<\/b>. Somente ap\u00f3s este cadastro e com a devida autoriza\u00e7\u00e3o, o acesso \u00e0s funcionalidades poder\u00e1 ser liberado.<\/p><p><b>Voc\u00ea, colaborador da BCRA<\/b>, ao efetuar o primeiro acesso \u00e0 se\u00e7\u00e3o\u00a0<b>\u00c1rea Restrita<\/b>, assume que os dados fornecidos s\u00e3o exatos, precisos e inequ\u00edvocos, sendo ainda o \u00fanico respons\u00e1vel pelas informa\u00e7\u00f5es e pelo sigilo de sua senha de acesso.<\/p><p>Informamos que todo conte\u00fado do site \u00e9 dispon\u00edvel e acess\u00edvel a todos, de forma gratuita, sem a exig\u00eancia de qualquer cadastro pr\u00e9vio, salvo exce\u00e7\u00e3o, a se\u00e7\u00e3o\u00a0<b>\u00c1rea Restrita<\/b>, que \u00e9 exclusiva e restrita aos colaboradores pr\u00e9 cadastrados e autorizados pela <b>BCRA<\/b>.<\/p><p><b>4. PROPRIEDADE INTELECTUAL.<\/b><\/p><p>Todos e quaisquer direitos de propriedade intelectual decorrente e\/ou relativos aos servi\u00e7os descritos nestes\u00a0<b>Termos e Condi\u00e7\u00f5es de Uso<\/b>, incluindo, sem limita\u00e7\u00e3o, direitos autorais patrimoniais, pertencem \u00fanica e exclusivamente a BCRA. Em nenhuma hip\u00f3tese, estes <b>Termos<\/b>\u00a0implicam transfer\u00eancia, no todo ou em parte, de qualquer direito de propriedade intelectual.<\/p><p>Neste sentido, a <b>BCRA <\/b>concede ao usu\u00e1rio visitante a ao usu\u00e1rio colaborador, t\u00e3o somente, autoriza\u00e7\u00e3o para uso limitado, n\u00e3o exclusivo, n\u00e3o comercial, pessoal e intransfer\u00edvel, para acessar, visualizar, carregar, descarregar o conte\u00fado do site.<\/p><p>A <b>BCRA <\/b>se resguarda do direito de rescindir esta autoriza\u00e7\u00e3o a qualquer momento e de tomar todas as medidas judiciais necess\u00e1rias no caso de descumprimento ou de viola\u00e7\u00e3o a estas regras de propriedade intelectual, sujeitando o usu\u00e1rio \u00e0s penalidades previstas na Lei e, ainda, cancelar o acesso e a utiliza\u00e7\u00e3o de todos os servi\u00e7os do site.<\/p><p><b>5. CONFIDENCIALIDADE.<\/b><\/p><p>O usu\u00e1rio que seja colaborador da\u00a0<b>BCRA<\/b>, ao acessar a se\u00e7\u00e3o\u00a0<b>\u00c1rea Restrita<\/b>, firma compromisso de tratar como confidencial e n\u00e3o revelar a terceiros, nenhuma informa\u00e7\u00e3o relacionada \u00e0\u00a0<b>BCRA<\/b>, reconhecendo que qualquer quebra da obriga\u00e7\u00e3o de confidencialidade pode gerar danos em valor imensur\u00e1vel, podendo ent\u00e3o ser responsabilizado tanto no \u00e2mbito civil, como no \u00e2mbito criminal, sem preju\u00edzo a repara\u00e7\u00e3o dos danos efetivamente causados.<\/p><p>A obriga\u00e7\u00e3o de confidencialidade aqui prevista permanecer\u00e1 vigente enquanto perdurar o car\u00e1ter de confidencialidade das informa\u00e7\u00f5es recebidas.<\/p><p><b>6. RESPONSABILIDADE LIMITADA.<\/b><\/p><p>a) A <b>BCRA <\/b>n\u00e3o ser\u00e1 respons\u00e1vel pela utiliza\u00e7\u00e3o indevida do site e de suas funcionalidades, bem como, n\u00e3o ser\u00e1 respons\u00e1vel pela sua utiliza\u00e7\u00e3o em desacordo com estes\u00a0<b>Termos e Condi\u00e7\u00f5es de Uso<\/b>.<\/p><p>b) A <b>BCRA <\/b>n\u00e3o ser\u00e1 respons\u00e1vel pelas informa\u00e7\u00f5es err\u00f4neas ou fraudulentas fornecidas por qualquer usu\u00e1rio, sendo este o \u00fanico e completo respons\u00e1vel.<\/p><p>c) O\u00a0<b>usu\u00e1rio colaborador da BCRA <\/b>ao acessar e utilizar a se\u00e7\u00e3o\u00a0<b>\u00c1rea Restrita<\/b>, ser\u00e1 o \u00fanico respons\u00e1vel pelas informa\u00e7\u00f5es ali inseridas, bem como, ser\u00e1 o \u00fanico e completo respons\u00e1vel por salvaguardar todas as informa\u00e7\u00f5es de sua conta, tais como nome de usu\u00e1rio, senha, e-mails de recupera\u00e7\u00e3o ou qualquer informa\u00e7\u00e3o inerente ao acesso a sua conta.<\/p><p>d) A <b>BCRA <\/b>n\u00e3o ser\u00e1 respons\u00e1vel por qualquer dano ou evento ocasionado por terceiros, de forma direta ou indireta, como exemplo e n\u00e3o se limitando, a danos e preju\u00edzos causados em decorr\u00eancia de ataques de v\u00edrus, invas\u00e3o do dispositivo, hackers, falhas no sistema, no servidor, na conex\u00e3o \u00e0 internet e inclusive, pela utiliza\u00e7\u00e3o de softwares que possam danificar ativos f\u00edsicos ou tecnol\u00f3gicos em decorr\u00eancia da transfer\u00eancia de dados, arquivos, imagens, textos, \u00e1udios ou v\u00eddeos contidos no site, quando acessados pelo usu\u00e1rio.<\/p><p>e) Neste sentido, a\u00a0<b>BCRA<\/b>\u00a0orienta que todos os usu\u00e1rios utilizem dispositivos com sistemas legalizados, atualizados, bem como utilizem antiv\u00edrus e sistemas contra invas\u00f5es, al\u00e9m de ter boas pr\u00e1ticas de utiliza\u00e7\u00e3o da internet, que incluem e n\u00e3o se limitam a \u00e9tica, moralidade, legalidade e boa-f\u00e9.<\/p><p>f) A <b>BCRA <\/b>n\u00e3o ser\u00e1 respons\u00e1vel por preju\u00edzos resultantes de dificuldades t\u00e9cnicas ou falhas nos sistemas ou na internet. Ainda n\u00e3o ser\u00e1 respons\u00e1vel pela indisponibilidade do sistema por qualquer outro evento fortuito ou de for\u00e7a maior, alheio ao seu controle.<\/p><p>g) A <b>BCRA <\/b>se reserva no direito de interromper o funcionamento do site e de suas funcionalidades, de forma tempor\u00e1ria ou efetiva, n\u00e3o sendo devida nenhuma indeniza\u00e7\u00e3o aos usu\u00e1rios.<\/p><p>h) A <b>BCRA <\/b>n\u00e3o se responsabiliza pela sua navega\u00e7\u00e3o em\u00a0<b>links externos<\/b>, que podem ser disponibilizados no site da\u00a0<b>BCRA<\/b>,\u00a0<b>sendo o seu dever<\/b>\u00a0a leitura dos Termos e Condi\u00e7\u00f5es de Uso e da Pol\u00edtica de Privacidade do site ou da aplica\u00e7\u00e3o acessada (como exemplo e n\u00e3o se limitando, links de acesso ao Facebook, Instagram, Linkedin, Youtube, etc.).<\/p><p>i) A <b>BCRA <\/b>n\u00e3o se responsabiliza pela exatid\u00e3o, adequa\u00e7\u00e3o e controle dos dados e informa\u00e7\u00f5es disponibilizados nos eventuais sites ou aplica\u00e7\u00f5es, conforme mencionados no item \u201ch\u201d acima, sendo o seu dever, verificar a confiabilidade das informa\u00e7\u00f5es e dos dados ali exibidos, antes de efetuar qualquer a\u00e7\u00e3o.<\/p><p><b>7. OBRIGA\u00c7\u00d5ES E RESPONSABILIDADES DO USU\u00c1RIO.<\/b><\/p><p>Como condi\u00e7\u00e3o para utiliza\u00e7\u00e3o dos servi\u00e7os ofertados pelo site da\u00a0<b>BCRA<\/b>,\u00a0<b>voc\u00ea<\/b>\u00a0se compromete por meio do aceite destes Termos e Condi\u00e7\u00f5es de Uso, a cumprir integralmente com as obriga\u00e7\u00f5es previstas neste instrumento, concordando:<\/p><p>a) Que usar\u00e1 o site conforme estes Termos e Condi\u00e7\u00f5es de Uso.<\/p><p>b) Que na utiliza\u00e7\u00e3o do site, todas as informa\u00e7\u00f5es fornecidas s\u00e3o verdadeiras, exatas, atuais e completas, sendo o \u00fanico e completo respons\u00e1vel pela veracidade e exatid\u00e3o.<\/p><p>c) Que n\u00e3o fornecer\u00e1 nenhuma informa\u00e7\u00e3o falsa, fraudulenta, inexata, incompleta ou inexistente, e ocorrendo, ser\u00e1 o \u00fanico e completo respons\u00e1vel, arcando com todas as consequ\u00eancias jur\u00eddicas e contratuais.<\/p><p>d) Que n\u00e3o poder\u00e1 monitorar ou copiar qualquer conte\u00fado ou informa\u00e7\u00f5es do Site, sendo ainda proibido &#8220;espelhar&#8221; ou &#8220;enquadrar&#8221; qualquer tipo informa\u00e7\u00f5es de forma a incorpor\u00e1-la (inteira ou em parte) em qualquer outro website e\/ou aplicativo, por meio automatizado ou por qualquer processo manual, bem como, a utiliza\u00e7\u00e3o de softwares de minera\u00e7\u00e3o, sem a devida e expressa permiss\u00e3o da\u00a0<b>BCRA<\/b>.<\/p><p>e) Que a <b>BCRA<\/b>poder\u00e1, a qualquer momento, fazer inclus\u00f5es, acertos, ajustes, altera\u00e7\u00f5es, exclus\u00f5es, em todas as fun\u00e7\u00f5es e informa\u00e7\u00f5es dispostas no site.<\/p><p>f) Que a <b>BCRA <\/b>se reserva no direito de negar acesso ao site e as suas funcionalidades, a qualquer momento, sem aviso pr\u00e9vio, a quem quer que seja, no caso de verificar sinais de fraude, abuso ou qualquer tipo de atividade suspeita.<\/p><p>g) Que a <b>BCRA <\/b>se reserva o direito de tomar as medidas legais necess\u00e1rias, podendo o usu\u00e1rio ser responsabilizado por danos monet\u00e1rios, incluindo custos e danos do lit\u00edgio.<\/p><p>h) Em comprometer-se a notificar a\u00a0<b>BCRA<\/b>\u00a0sobre qualquer ind\u00edcio e\/ou uso n\u00e3o autorizado do site, assim como qualquer outra viola\u00e7\u00e3o de seguran\u00e7a que venha a tomar conhecimento.<\/p><p>i) Em comprometer-se a utilizar dispositivos com sistemas e softwares legalizados e atualizados, bem como utilizar sistemas contra invas\u00f5es e v\u00edrus, al\u00e9m de ter boas pr\u00e1ticas de utiliza\u00e7\u00e3o da internet.<\/p><p>j) Sendo o\u00a0<b>usu\u00e1rio colaborador da BCRA<\/b>, no acesso a se\u00e7\u00e3o\u00a0<b>\u00c1rea Restrita<\/b>, declara que foi previamente cadastrado e autorizado para acessar e utilizar a aplica\u00e7\u00e3o, reconhecendo que \u00e9 definitivamente proibido o acesso, a utiliza\u00e7\u00e3o, a inser\u00e7\u00e3o, emiss\u00e3o, altera\u00e7\u00e3o ou gerenciamento de dados de outro(s) usu\u00e1rio(s) e no caso da ocorr\u00eancia, ser\u00e1 considerado respons\u00e1vel, arcando com todas as consequ\u00eancias jur\u00eddicas e contratuais.<\/p><p>k) Sendo o\u00a0<b>usu\u00e1rio colaborador da BCRA <\/b>e no acesso a se\u00e7\u00e3o\u00a0<b>\u00c1rea Restrita<\/b>, ser\u00e1 o \u00fanico e completo respons\u00e1vel por salvaguardar todas as informa\u00e7\u00f5es de sua conta, bem como nome de usu\u00e1rio, senha, e-mails de recupera\u00e7\u00e3o de senha ou qualquer outra informa\u00e7\u00e3o inerente a sua conta.<\/p><p><b>8. ALTERA\u00c7\u00c3O NOS TERMOS E CONDI\u00c7\u00d5ES DE USO.<\/b><\/p><p>A\u00a0<b>BCRA<\/b>\u00a0sempre em busca de melhorar seus processos, se reserva no direito de alterar estes\u00a0<b>Termos e Condi\u00e7\u00f5es de Uso<\/b>\u00a0a qualquer tempo, tanto para cumprir quaisquer exig\u00eancias regulat\u00f3rias, como no caso de mudan\u00e7as em suas pr\u00e1ticas administrativas e\/ou comerciais.<\/p><p>A\u00a0<b>BCRA<\/b>\u00a0notificar\u00e1 o usu\u00e1rio sobre quaisquer mudan\u00e7as relevantes, contudo, solicitamos que\u00a0<b>voc\u00ea<\/b>\u00a0sempre verifique estes\u00a0<b>Termos e Condi\u00e7\u00f5es de Uso<\/b>\u00a0no intuito de assegurar o seu perfeito entendimento.<\/p><p><b>9. PRIVACIDADE E GEST\u00c3O DE DADOS<\/b><\/p><p><b>Voc\u00ea<\/b>\u00a0se compromete a efetuar a leitura da\u00a0<b>Pol\u00edtica de Privacidade do site<\/b>, tendo assim, acesso e conhecimento de como seus dados s\u00e3o coletados, armazenados, tratados e protegidos.<\/p><p><b>Voc\u00ea\u00a0<\/b>concorda e consente expressamente com o fornecimento de seus dados pessoais que poder\u00e3o ser utilizados, gerados, incorporados ou utilizados no site e\/ou em suas funcionalidades, conforme descritos na Pol\u00edtica de Privacidade.<\/p><p>Em todos os casos,\u00a0<b>voc\u00ea<\/b>\u00a0ter\u00e1 o direito de acesso e exclus\u00e3o de todos os dados de sua titularidade, contudo, limitado ao disposto nas legisla\u00e7\u00f5es vigentes, como exemplo e n\u00e3o se limitando, o Marco Civil da Internet e a Lei Geral de Prote\u00e7\u00e3o de Dados.<\/p><p><b>10. PENALIDADES<\/b><\/p><p>Ao navegar e utilizar a funcionalidade dispon\u00edveis no site,\u00a0<b>voc\u00ea N\u00c3O<\/b>\u00a0dever\u00e1 realizar nenhuma a\u00e7\u00e3o que atente contra a \u00e9tica, moralidade, legalidade e boa-f\u00e9, como exemplo e n\u00e3o se limitando, a divulga\u00e7\u00e3o de informa\u00e7\u00f5es falsas ou fraudulentas, sob pena de responsabilidade tanto no \u00e2mbito civil, como no \u00e2mbito criminal, sem preju\u00edzo a repara\u00e7\u00e3o dos danos que efetivamente seus atos tenham causado.<\/p><p><b>11. INTERPRETA\u00c7\u00c3O DESTES TERMOS E CONDI\u00c7\u00d5ES<\/b><\/p><p>Para todos os assuntos referentes a estes\u00a0<b>Termos e Condi\u00e7\u00f5es de Uso<\/b>, a interpreta\u00e7\u00e3o deve ser efetuada de acordo e em conformidade com a legisla\u00e7\u00e3o brasileira e caso alguma disposi\u00e7\u00e3o seja considerada ilegal ou ileg\u00edtima, ficam as demais condi\u00e7\u00f5es v\u00e1lidas e aplic\u00e1veis. Fica eleito o Foro da Comarca de S\u00e3o Paulo, Estado de S\u00e3o Paulo para resolu\u00e7\u00e3o de qualquer lit\u00edgio ou controv\u00e9rsia envolvendo este documento.<\/p><p><b>12. COMO ENTRAR EM CONTATO COM A BCRA.<\/b><\/p><p>Caso\u00a0<b>voc\u00ea<\/b>\u00a0tenha alguma d\u00favida sobre as condi\u00e7\u00f5es estabelecidas nestes\u00a0<b>Termos e Condi\u00e7\u00f5es de Uso<\/b>, disponibilizamos os nossos canais de atendimento.<\/p><p>Envie um e-mail para: <a href=\"mailto:bcra@bcra.com.br\">bcra@bcra.com.br<\/a><\/p><p>Ligue para:\u00a0<a href=\"tel:55113254-7670\">(55) 11 3254-7670<\/a><\/p><p>Vers\u00e3o\u00a0<b>25\/07\/2022<\/b>.<\/p><p><b>13. DEFINI\u00c7\u00d5ES UTILIZADAS NESTES TERMOS<\/b><\/p><p>Os termos aqui dispostos explicam de forma simples, de f\u00e1cil entendimento e compreens\u00edvel para o p\u00fablico em geral, as terminologias utilizadas:<\/p><p><b>CANAIS DE ATENDIMENTO:<\/b>\u00a0Meios de contato que a\u00a0<b>SPACE<\/b>\u00a0disponibiliza para que\u00a0<b>voc\u00ea<\/b>\u00a0possa enviar suas d\u00favidas, questionamentos, solicita\u00e7\u00f5es e reclama\u00e7\u00f5es relacionadas ao site.<\/p><p><b>HACKERS<\/b>\u00a0&#8211; \u00c9 uma palavra em ingl\u00eas do \u00e2mbito da inform\u00e1tica que indica uma pessoa que possui interesse e um bom conhecimento nessa \u00e1rea, sendo capaz de fazer hack (uma modifica\u00e7\u00e3o) em algum sistema inform\u00e1tico.<\/p><p><b>LINKS<\/b>\u00a0\u2013 Endere\u00e7o de internet que d\u00e1 acesso ao site.<\/p><p><b>SITE<\/b>\u00a0\u2013 P\u00e1gina ou agrupamento de p\u00e1ginas relacionadas e organizadas entre si, identific\u00e1vel por nome de dom\u00ednio (endere\u00e7o), normalmente acess\u00edvel com a utiliza\u00e7\u00e3o da internet.<\/p><p><b>SITE DA SPACE:<\/b>\u00a0Plataforma eletr\u00f4nica disponibilizada atrav\u00e9s do endere\u00e7o eletr\u00f4nico:\u00a0<a href=\"https:\/\/www.spacere.com.br\/\">https:\/\/www.spacere.com.br\/<\/a><\/p><p><b>SOFTWARE<\/b>\u00a0\u2013 \u00c9 uma sequ\u00eancia de instru\u00e7\u00f5es escritas, que ser\u00e3o interpretadas por um dispositivo eletr\u00f4nico, com o objetivo de executar tarefas espec\u00edficas.<\/p><p><b>USU\u00c1RIO<\/b>\u00a0&#8211; Pessoa que acessa ou interage com as atividades oferecidas pelo site.<\/p><p><b>V\u00cdRUS<\/b> &#8211; \u00c9 um tipo de programa ou c\u00f3digo malicioso que visa modificar ou alterar a forma como o dispositivo eletr\u00f4nico funciona.<\/p><\/div><\/section><\/div><\/div><\/section><\/div><\/section>\t\t\t\t\t\t\t\t<\/div>\n\t\t\t\t<\/div>\n\t\t\t\t<\/div>\n\t\t\t\t\t<\/div>\n\t\t\t\t<\/div>\n\t\t\t\t<\/div>","protected":false},"excerpt":{"rendered":"<p>Termos de uso veja nossa pol\u00edtica de privacidade termos de uso Ol\u00e1, seja bem-vindo(a) Este site e todo o seu conte\u00fado \u00e9 de responsabilidade e operado pela LRL Brokers Neg\u00f3cios Imobili\u00e1rios LTDA (BCRA), inscrita no CNPJ 50.348.011\/0001-35, com sede na Alameda Rio Negro, 503, conjunto 2020, Alphaville, CEP 06454-000, Barueri \u2013 SP, com e-mail para [&hellip;]<\/p>","protected":false},"author":1,"featured_media":0,"parent":0,"menu_order":0,"comment_status":"closed","ping_status":"closed","template":"elementor_header_footer","meta":{"pagelayer_contact_templates":[],"_pagelayer_content":"","footnotes":""},"class_list":["post-983","page","type-page","status-publish","hentry"],"_links":{"self":[{"href":"http:\/\/bcra.com.br\/en\/wp-json\/wp\/v2\/pages\/983","targetHints":{"allow":["GET"]}}],"collection":[{"href":"http:\/\/bcra.com.br\/en\/wp-json\/wp\/v2\/pages"}],"about":[{"href":"http:\/\/bcra.com.br\/en\/wp-json\/wp\/v2\/types\/page"}],"author":[{"embeddable":true,"href":"http:\/\/bcra.com.br\/en\/wp-json\/wp\/v2\/users\/1"}],"replies":[{"embeddable":true,"href":"http:\/\/bcra.com.br\/en\/wp-json\/wp\/v2\/comments?post=983"}],"version-history":[{"count":13,"href":"http:\/\/bcra.com.br\/en\/wp-json\/wp\/v2\/pages\/983\/revisions"}],"predecessor-version":[{"id":1002,"href":"http:\/\/bcra.com.br\/en\/wp-json\/wp\/v2\/pages\/983\/revisions\/1002"}],"wp:attachment":[{"href":"http:\/\/bcra.com.br\/en\/wp-json\/wp\/v2\/media?parent=983"}],"curies":[{"name":"wp","href":"https:\/\/api.w.org\/{rel}","templated":true}]}}